{"id":227,"date":"2018-08-03T20:33:06","date_gmt":"2018-08-03T20:33:06","guid":{"rendered":"https:\/\/www.philipluetz.de\/?page_id=227"},"modified":"2019-04-17T22:33:06","modified_gmt":"2019-04-17T22:33:06","slug":"foh-monitor","status":"publish","type":"page","link":"https:\/\/www.philipluetz.de\/index.php\/foh-monitor\/","title":{"rendered":"FOH \/ Monitor"},"content":{"rendered":"<p>Als FOH- und Monitorengineer nutze ich meinen reichhaltigen Erfahrungsschatz aus 20 Jahren Musik und B\u00fchne, um in Live-Situationen egal welcher Gr\u00f6\u00dfenordnung den maximalen Sound herauszuholen.<br \/>\nAm wichtigsten ist mir hierbei, dass nicht nur vor, sondern auch auf der B\u00fchne optimale Verh\u00e4ltnisse und ein fetter Sound entstehen, auch in Bezug auf Monitoring, Mikrofonierung, Wireless-Management und In-Ear-Monitoring. Hierzu bedarf es guter Planung und Kommunikation, auch im Vorfeld der Veranstaltung. Vor allem aber z\u00e4hlen Geschmack und gute Ohren. Ist die Zeit knapp, ist schnelle, l\u00f6sungsorientierte, stressresistente Hilfe wichtig. <\/p>\n<p><b> Referenzen<\/b><br \/>\nBochum Total, Ruhr Reggae Summer, Reggae Jam Bersenbr\u00fcck, Weedbeat Festival, Folkwang Universit\u00e4t der K\u00fcnste, Peng Festival Essen, domicil Dortmund, Gramatikoff Duisburg usw&#8230;<\/p>\n","protected":false},"excerpt":{"rendered":"<p>Als FOH- und Monitorengineer nutze ich meinen reichhaltigen Erfahrungsschatz aus 20 Jahren Musik und B\u00fchne, um in Live-Situationen egal welcher Gr\u00f6\u00dfenordnung den maximalen Sound herauszuholen. Am wichtigsten ist mir hierbei, dass nicht nur vor, sondern auch auf der B\u00fchne optimale Verh\u00e4ltnisse und ein fetter Sound entstehen, auch in Bezug auf Monitoring, Mikrofonierung, Wireless-Management und In-Ear-Monitoring. &hellip; <\/p>\n<p class=\"link-more\"><a href=\"https:\/\/www.philipluetz.de\/index.php\/foh-monitor\/\" class=\"more-link\">Continue reading<span class=\"screen-reader-text\"> &#8222;FOH \/ Monitor&#8220;<\/span><\/a><\/p>\n","protected":false},"author":1,"featured_media":151,"parent":0,"menu_order":0,"comment_status":"closed","ping_status":"closed","template":"template-full.php","meta":{"ngg_post_thumbnail":0,"footnotes":""},"class_list":["post-227","page","type-page","status-publish","has-post-thumbnail","hentry"],"yoast_head":"<!-- This site is optimized with the Yoast SEO plugin v27.4 - https:\/\/yoast.com\/product\/yoast-seo-wordpress\/ -->\n<title>FOH \/ Monitor - PHILIP L\u00dcTZ<\/title>\n<meta name=\"robots\" content=\"index, follow, max-snippet:-1, max-image-preview:large, max-video-preview:-1\" \/>\n<link rel=\"canonical\" href=\"https:\/\/www.philipluetz.de\/index.php\/foh-monitor\/\" \/>\n<meta property=\"og:locale\" content=\"de_DE\" \/>\n<meta property=\"og:type\" content=\"article\" \/>\n<meta property=\"og:title\" content=\"FOH \/ Monitor - PHILIP L\u00dcTZ\" \/>\n<meta property=\"og:description\" content=\"Als FOH- und Monitorengineer nutze ich meinen reichhaltigen Erfahrungsschatz aus 20 Jahren Musik und B\u00fchne, um in Live-Situationen egal welcher Gr\u00f6\u00dfenordnung den maximalen Sound herauszuholen. Am wichtigsten ist mir hierbei, dass nicht nur vor, sondern auch auf der B\u00fchne optimale Verh\u00e4ltnisse und ein fetter Sound entstehen, auch in Bezug auf Monitoring, Mikrofonierung, Wireless-Management und In-Ear-Monitoring. &hellip; Continue reading &quot;FOH \/ Monitor&quot;\" \/>\n<meta property=\"og:url\" content=\"https:\/\/www.philipluetz.de\/index.php\/foh-monitor\/\" \/>\n<meta property=\"og:site_name\" content=\"PHILIP L\u00dcTZ\" \/>\n<meta property=\"article:modified_time\" content=\"2019-04-17T22:33:06+00:00\" \/>\n<meta property=\"og:image\" content=\"https:\/\/www.philipluetz.de\/wp-content\/uploads\/2018\/07\/IMG_20170616_173811-1024x768.jpg\" \/>\n\t<meta property=\"og:image:width\" content=\"1024\" \/>\n\t<meta property=\"og:image:height\" content=\"768\" \/>\n\t<meta property=\"og:image:type\" content=\"image\/jpeg\" \/>\n<meta name=\"twitter:card\" content=\"summary_large_image\" \/>\n<meta name=\"twitter:label1\" content=\"Gesch\u00e4tzte Lesezeit\" \/>\n\t<meta name=\"twitter:data1\" content=\"1\u00a0Minute\" \/>\n<script type=\"application\/ld+json\" class=\"yoast-schema-graph\">{\"@context\":\"https:\\\/\\\/schema.org\",\"@graph\":[{\"@type\":\"WebPage\",\"@id\":\"https:\\\/\\\/www.philipluetz.de\\\/index.php\\\/foh-monitor\\\/\",\"url\":\"https:\\\/\\\/www.philipluetz.de\\\/index.php\\\/foh-monitor\\\/\",\"name\":\"FOH \\\/ Monitor - PHILIP L\u00dcTZ\",\"isPartOf\":{\"@id\":\"https:\\\/\\\/www.philipluetz.de\\\/#website\"},\"primaryImageOfPage\":{\"@id\":\"https:\\\/\\\/www.philipluetz.de\\\/index.php\\\/foh-monitor\\\/#primaryimage\"},\"image\":{\"@id\":\"https:\\\/\\\/www.philipluetz.de\\\/index.php\\\/foh-monitor\\\/#primaryimage\"},\"thumbnailUrl\":\"https:\\\/\\\/www.philipluetz.de\\\/wp-content\\\/uploads\\\/2018\\\/07\\\/IMG_20170616_173811.jpg\",\"datePublished\":\"2018-08-03T20:33:06+00:00\",\"dateModified\":\"2019-04-17T22:33:06+00:00\",\"breadcrumb\":{\"@id\":\"https:\\\/\\\/www.philipluetz.de\\\/index.php\\\/foh-monitor\\\/#breadcrumb\"},\"inLanguage\":\"de\",\"potentialAction\":[{\"@type\":\"ReadAction\",\"target\":[\"https:\\\/\\\/www.philipluetz.de\\\/index.php\\\/foh-monitor\\\/\"]}]},{\"@type\":\"ImageObject\",\"inLanguage\":\"de\",\"@id\":\"https:\\\/\\\/www.philipluetz.de\\\/index.php\\\/foh-monitor\\\/#primaryimage\",\"url\":\"https:\\\/\\\/www.philipluetz.de\\\/wp-content\\\/uploads\\\/2018\\\/07\\\/IMG_20170616_173811.jpg\",\"contentUrl\":\"https:\\\/\\\/www.philipluetz.de\\\/wp-content\\\/uploads\\\/2018\\\/07\\\/IMG_20170616_173811.jpg\",\"width\":4160,\"height\":3120,\"caption\":\"sdr\"},{\"@type\":\"BreadcrumbList\",\"@id\":\"https:\\\/\\\/www.philipluetz.de\\\/index.php\\\/foh-monitor\\\/#breadcrumb\",\"itemListElement\":[{\"@type\":\"ListItem\",\"position\":1,\"name\":\"Startseite\",\"item\":\"https:\\\/\\\/www.philipluetz.de\\\/\"},{\"@type\":\"ListItem\",\"position\":2,\"name\":\"FOH \\\/ Monitor\"}]},{\"@type\":\"WebSite\",\"@id\":\"https:\\\/\\\/www.philipluetz.de\\\/#website\",\"url\":\"https:\\\/\\\/www.philipluetz.de\\\/\",\"name\":\"PHILIP L\u00dcTZ\",\"description\":\"Saxophonist, Recording- &amp; Mixing-Engineer\",\"potentialAction\":[{\"@type\":\"SearchAction\",\"target\":{\"@type\":\"EntryPoint\",\"urlTemplate\":\"https:\\\/\\\/www.philipluetz.de\\\/?s={search_term_string}\"},\"query-input\":{\"@type\":\"PropertyValueSpecification\",\"valueRequired\":true,\"valueName\":\"search_term_string\"}}],\"inLanguage\":\"de\"}]}<\/script>\n<!-- \/ Yoast SEO plugin. -->","yoast_head_json":{"title":"FOH \/ Monitor - PHILIP L\u00dcTZ","robots":{"index":"index","follow":"follow","max-snippet":"max-snippet:-1","max-image-preview":"max-image-preview:large","max-video-preview":"max-video-preview:-1"},"canonical":"https:\/\/www.philipluetz.de\/index.php\/foh-monitor\/","og_locale":"de_DE","og_type":"article","og_title":"FOH \/ Monitor - PHILIP L\u00dcTZ","og_description":"Als FOH- und Monitorengineer nutze ich meinen reichhaltigen Erfahrungsschatz aus 20 Jahren Musik und B\u00fchne, um in Live-Situationen egal welcher Gr\u00f6\u00dfenordnung den maximalen Sound herauszuholen. Am wichtigsten ist mir hierbei, dass nicht nur vor, sondern auch auf der B\u00fchne optimale Verh\u00e4ltnisse und ein fetter Sound entstehen, auch in Bezug auf Monitoring, Mikrofonierung, Wireless-Management und In-Ear-Monitoring. &hellip; Continue reading \"FOH \/ Monitor\"","og_url":"https:\/\/www.philipluetz.de\/index.php\/foh-monitor\/","og_site_name":"PHILIP L\u00dcTZ","article_modified_time":"2019-04-17T22:33:06+00:00","og_image":[{"width":1024,"height":768,"url":"https:\/\/www.philipluetz.de\/wp-content\/uploads\/2018\/07\/IMG_20170616_173811-1024x768.jpg","type":"image\/jpeg"}],"twitter_card":"summary_large_image","twitter_misc":{"Gesch\u00e4tzte Lesezeit":"1\u00a0Minute"},"schema":{"@context":"https:\/\/schema.org","@graph":[{"@type":"WebPage","@id":"https:\/\/www.philipluetz.de\/index.php\/foh-monitor\/","url":"https:\/\/www.philipluetz.de\/index.php\/foh-monitor\/","name":"FOH \/ Monitor - PHILIP L\u00dcTZ","isPartOf":{"@id":"https:\/\/www.philipluetz.de\/#website"},"primaryImageOfPage":{"@id":"https:\/\/www.philipluetz.de\/index.php\/foh-monitor\/#primaryimage"},"image":{"@id":"https:\/\/www.philipluetz.de\/index.php\/foh-monitor\/#primaryimage"},"thumbnailUrl":"https:\/\/www.philipluetz.de\/wp-content\/uploads\/2018\/07\/IMG_20170616_173811.jpg","datePublished":"2018-08-03T20:33:06+00:00","dateModified":"2019-04-17T22:33:06+00:00","breadcrumb":{"@id":"https:\/\/www.philipluetz.de\/index.php\/foh-monitor\/#breadcrumb"},"inLanguage":"de","potentialAction":[{"@type":"ReadAction","target":["https:\/\/www.philipluetz.de\/index.php\/foh-monitor\/"]}]},{"@type":"ImageObject","inLanguage":"de","@id":"https:\/\/www.philipluetz.de\/index.php\/foh-monitor\/#primaryimage","url":"https:\/\/www.philipluetz.de\/wp-content\/uploads\/2018\/07\/IMG_20170616_173811.jpg","contentUrl":"https:\/\/www.philipluetz.de\/wp-content\/uploads\/2018\/07\/IMG_20170616_173811.jpg","width":4160,"height":3120,"caption":"sdr"},{"@type":"BreadcrumbList","@id":"https:\/\/www.philipluetz.de\/index.php\/foh-monitor\/#breadcrumb","itemListElement":[{"@type":"ListItem","position":1,"name":"Startseite","item":"https:\/\/www.philipluetz.de\/"},{"@type":"ListItem","position":2,"name":"FOH \/ Monitor"}]},{"@type":"WebSite","@id":"https:\/\/www.philipluetz.de\/#website","url":"https:\/\/www.philipluetz.de\/","name":"PHILIP L\u00dcTZ","description":"Saxophonist, Recording- &amp; Mixing-Engineer","potentialAction":[{"@type":"SearchAction","target":{"@type":"EntryPoint","urlTemplate":"https:\/\/www.philipluetz.de\/?s={search_term_string}"},"query-input":{"@type":"PropertyValueSpecification","valueRequired":true,"valueName":"search_term_string"}}],"inLanguage":"de"}]}},"_links":{"self":[{"href":"https:\/\/www.philipluetz.de\/index.php\/wp-json\/wp\/v2\/pages\/227","targetHints":{"allow":["GET"]}}],"collection":[{"href":"https:\/\/www.philipluetz.de\/index.php\/wp-json\/wp\/v2\/pages"}],"about":[{"href":"https:\/\/www.philipluetz.de\/index.php\/wp-json\/wp\/v2\/types\/page"}],"author":[{"embeddable":true,"href":"https:\/\/www.philipluetz.de\/index.php\/wp-json\/wp\/v2\/users\/1"}],"replies":[{"embeddable":true,"href":"https:\/\/www.philipluetz.de\/index.php\/wp-json\/wp\/v2\/comments?post=227"}],"version-history":[{"count":7,"href":"https:\/\/www.philipluetz.de\/index.php\/wp-json\/wp\/v2\/pages\/227\/revisions"}],"predecessor-version":[{"id":395,"href":"https:\/\/www.philipluetz.de\/index.php\/wp-json\/wp\/v2\/pages\/227\/revisions\/395"}],"wp:featuredmedia":[{"embeddable":true,"href":"https:\/\/www.philipluetz.de\/index.php\/wp-json\/wp\/v2\/media\/151"}],"wp:attachment":[{"href":"https:\/\/www.philipluetz.de\/index.php\/wp-json\/wp\/v2\/media?parent=227"}],"curies":[{"name":"wp","href":"https:\/\/api.w.org\/{rel}","templated":true}]}}