{"id":24,"date":"2018-07-26T19:09:43","date_gmt":"2018-07-26T19:09:43","guid":{"rendered":"https:\/\/www.philipluetz.de\/?page_id=24"},"modified":"2023-05-04T08:10:31","modified_gmt":"2023-05-04T08:10:31","slug":"info","status":"publish","type":"page","link":"https:\/\/www.philipluetz.de\/index.php\/info\/","title":{"rendered":"BIOGRAFIE"},"content":{"rendered":"<p>Philip L\u00fctz<\/p>\n<p>Der Dortmunder Saxophonist und Produzent Philip L\u00fctz geh\u00f6rt zu den etablierten Gesichtern der Pop- und Jazzszene in NRW. Neben Ausbildung in diversen Musikschulen bei Lasse \u00d6qvist, Kerstin Fabry und Stephan Mattner pr\u00e4gten ihn Konzertreisen rund um den Globus bereits w\u00e4hrend seiner ersten Jazzausbildung an der Glen-Buschmann-Jazzakademie in Dortmund bei Uwe Plath und Wim Wollner. Mit dem JugendjazzOrchester des Landes NRW, in dem er von 2005-2009 festes Mitglied war, bereiste er neben den Konzerth\u00e4usern des Landes NRW u. a. S\u00fcdostasien (Malaysia, Kambodscha, Vietnam, Indonesien), China, Malta, Israel, Estland, Griechenland und erhielt fr\u00fch die Gelegenheit, mit etablierten Gr\u00f6\u00dfen der Szene wie Paquito d&#8217;Rivera und Uli Beckerhoff zu spielen.<\/p>\n<p>Philip studierte an der Folkwang Universit\u00e4t der K\u00fcnste in Essen Jazzsaxophon bei Hugo Read und Matthias Nadolny sowie Lehramt Musik (Bachelor \/ Master) an der TU Dortmund mit Hauptfach Saxophon bei Stephan Mattner. W\u00e4hrend seines Studiums war er von 2008-2014 Saxophonist, Keyboarder und zeitweise Monitor-Engineer beim deutschen Reggae-K\u00fcnstler \u201eJahcoustix\u201c, mit dem er europaweit Clubs und Festivals, u. a. Rock am Ring, Rock im Park, Summerjam, Chiemsee Reggae Summer, Haltestelle Woodstock, Rototom Sunsplash, Frauenfeld Open Air etc. bespielte. 2009 ergab sich auf Einladung des Goethe-Instituts eine dreiw\u00f6chige Konzerttournee durch diverse westafrikanische L\u00e4nder wie Ghana, Kamerun, Senegal, Elfenbeink\u00fcste, Togo und Benin.<\/p>\n<p>Ebenfalls w\u00e4hrend des Studiums erhielt Philip als Sideman mit dem \u201eMara Minjoli Quintett\u201c den Folkwang Jazzpreis und spielte mit der Band u. a. Radiokonzerte f\u00fcr den WDR.<\/p>\n<p>2014 \/ 2015 tourte Philip international als Saxophonist und Monitor-Engineer mit dem persischen Popstar Shadmehr Aghili durch L\u00e4nder wie Malaysia, Dubai und die T\u00fcrkei und spielte u. a. bei Marla Glen.<\/p>\n<p>Mit der Band \u201eFilou\u201c gestaltete Philip von 2015-2016 eine erfolgreiche monatliche Konzertreihe im domicil Dortmund. Aus der Reihe ergab sich 2015 die Produktion eines Live-Albums in Form eines Kopfh\u00f6rerkonzertes im domicil Dortmund in Zusammenarbeit mit dem K\u00f6lner Produzenten Julian David. 2016 gewann Filou den Future-Sounds-Award der Leverkusener Jazztage und spielte daraufhin im Hauptprogramm ein Fernsehkonzert vor Al di Meola und Stanley Clarke und spielte als Support f\u00fcr &#8222;Snarky Puppy&#8220; in Dortmund.<\/p>\n<p>Im Laufe der Zeit ergaben sich Plattenproduktionen und \/ oder Livekonzerte u. a. mit Udo Lindenberg, Jan Delay, BAP, Gentleman, Sasha, Dell\u00e9 (Seeed), Ees, Katja Riemann, Paquito d&#8217;Rivera, Dariush Eghbali, Shadmehr Aghili, Carolin Kebekus, der Graf (Unheilig), Peter Brings, Frida Gold, Revolverheld, Bosse, Namika, Dub Inc., Kasalla, Sebastian Sturm, Guido Craveiro, Jahcoustix, die Rakede, Raggabund und vielen weiteren K\u00fcnstlern.<\/p>\n<p>In Zusammenarbeit mit dem Castrop-Rauxeler Produzenten, Studiobetreiber und Saxophonisten Jost Ziegner nutzt Philip das auf akustische (Band-)Aufnahmen sowie Live- \/ Locationrecording spezialisierte, hybridanaloge \u201eAirplay\u201c-Tonstudio in Castrop-Rauxel.<\/p>\n<p>Neben der Studioarbeit als Saxophonist, Recording- und Mix-Engineer ist Philip im Bereich K\u00fcnstlerbegleitung sowie im Gala\/Event\/Privat\/-Sektor als Solok\u00fcnstler, mit Bands, DJs, Bl\u00e4sersections etc. zu h\u00f6ren.<\/p>\n","protected":false},"excerpt":{"rendered":"<p>Philip L\u00fctz Der Dortmunder Saxophonist und Produzent Philip L\u00fctz geh\u00f6rt zu den etablierten Gesichtern der Pop- und Jazzszene in NRW. Neben Ausbildung in diversen Musikschulen bei Lasse \u00d6qvist, Kerstin Fabry und Stephan Mattner pr\u00e4gten ihn Konzertreisen rund um den Globus bereits w\u00e4hrend seiner ersten Jazzausbildung an der Glen-Buschmann-Jazzakademie in Dortmund bei Uwe Plath und Wim &hellip; <\/p>\n<p class=\"link-more\"><a href=\"https:\/\/www.philipluetz.de\/index.php\/info\/\" class=\"more-link\">Continue reading<span class=\"screen-reader-text\"> &#8222;BIOGRAFIE&#8220;<\/span><\/a><\/p>\n","protected":false},"author":1,"featured_media":339,"parent":0,"menu_order":0,"comment_status":"closed","ping_status":"closed","template":"","meta":{"ngg_post_thumbnail":0,"footnotes":""},"class_list":["post-24","page","type-page","status-publish","has-post-thumbnail","hentry"],"yoast_head":"<!-- This site is optimized with the Yoast SEO plugin v27.4 - https:\/\/yoast.com\/product\/yoast-seo-wordpress\/ -->\n<title>BIOGRAFIE - PHILIP L\u00dcTZ<\/title>\n<meta name=\"robots\" content=\"index, follow, max-snippet:-1, max-image-preview:large, max-video-preview:-1\" \/>\n<link rel=\"canonical\" href=\"https:\/\/www.philipluetz.de\/index.php\/info\/\" \/>\n<meta property=\"og:locale\" content=\"de_DE\" \/>\n<meta property=\"og:type\" content=\"article\" \/>\n<meta property=\"og:title\" content=\"BIOGRAFIE - PHILIP L\u00dcTZ\" \/>\n<meta property=\"og:description\" content=\"Philip L\u00fctz Der Dortmunder Saxophonist und Produzent Philip L\u00fctz geh\u00f6rt zu den etablierten Gesichtern der Pop- und Jazzszene in NRW. Neben Ausbildung in diversen Musikschulen bei Lasse \u00d6qvist, Kerstin Fabry und Stephan Mattner pr\u00e4gten ihn Konzertreisen rund um den Globus bereits w\u00e4hrend seiner ersten Jazzausbildung an der Glen-Buschmann-Jazzakademie in Dortmund bei Uwe Plath und Wim &hellip; Continue reading &quot;BIOGRAFIE&quot;\" \/>\n<meta property=\"og:url\" content=\"https:\/\/www.philipluetz.de\/index.php\/info\/\" \/>\n<meta property=\"og:site_name\" content=\"PHILIP L\u00dcTZ\" \/>\n<meta property=\"article:modified_time\" content=\"2023-05-04T08:10:31+00:00\" \/>\n<meta property=\"og:image\" content=\"https:\/\/www.philipluetz.de\/wp-content\/uploads\/2018\/08\/header.jpg\" \/>\n\t<meta property=\"og:image:width\" content=\"1732\" \/>\n\t<meta property=\"og:image:height\" content=\"1048\" \/>\n\t<meta property=\"og:image:type\" content=\"image\/jpeg\" \/>\n<meta name=\"twitter:card\" content=\"summary_large_image\" \/>\n<meta name=\"twitter:label1\" content=\"Gesch\u00e4tzte Lesezeit\" \/>\n\t<meta name=\"twitter:data1\" content=\"2\u00a0Minuten\" \/>\n<script type=\"application\/ld+json\" class=\"yoast-schema-graph\">{\"@context\":\"https:\\\/\\\/schema.org\",\"@graph\":[{\"@type\":\"WebPage\",\"@id\":\"https:\\\/\\\/www.philipluetz.de\\\/index.php\\\/info\\\/\",\"url\":\"https:\\\/\\\/www.philipluetz.de\\\/index.php\\\/info\\\/\",\"name\":\"BIOGRAFIE - PHILIP L\u00dcTZ\",\"isPartOf\":{\"@id\":\"https:\\\/\\\/www.philipluetz.de\\\/#website\"},\"primaryImageOfPage\":{\"@id\":\"https:\\\/\\\/www.philipluetz.de\\\/index.php\\\/info\\\/#primaryimage\"},\"image\":{\"@id\":\"https:\\\/\\\/www.philipluetz.de\\\/index.php\\\/info\\\/#primaryimage\"},\"thumbnailUrl\":\"https:\\\/\\\/www.philipluetz.de\\\/wp-content\\\/uploads\\\/2018\\\/08\\\/header.jpg\",\"datePublished\":\"2018-07-26T19:09:43+00:00\",\"dateModified\":\"2023-05-04T08:10:31+00:00\",\"breadcrumb\":{\"@id\":\"https:\\\/\\\/www.philipluetz.de\\\/index.php\\\/info\\\/#breadcrumb\"},\"inLanguage\":\"de\",\"potentialAction\":[{\"@type\":\"ReadAction\",\"target\":[\"https:\\\/\\\/www.philipluetz.de\\\/index.php\\\/info\\\/\"]}]},{\"@type\":\"ImageObject\",\"inLanguage\":\"de\",\"@id\":\"https:\\\/\\\/www.philipluetz.de\\\/index.php\\\/info\\\/#primaryimage\",\"url\":\"https:\\\/\\\/www.philipluetz.de\\\/wp-content\\\/uploads\\\/2018\\\/08\\\/header.jpg\",\"contentUrl\":\"https:\\\/\\\/www.philipluetz.de\\\/wp-content\\\/uploads\\\/2018\\\/08\\\/header.jpg\",\"width\":1732,\"height\":1048},{\"@type\":\"BreadcrumbList\",\"@id\":\"https:\\\/\\\/www.philipluetz.de\\\/index.php\\\/info\\\/#breadcrumb\",\"itemListElement\":[{\"@type\":\"ListItem\",\"position\":1,\"name\":\"Startseite\",\"item\":\"https:\\\/\\\/www.philipluetz.de\\\/\"},{\"@type\":\"ListItem\",\"position\":2,\"name\":\"BIOGRAFIE\"}]},{\"@type\":\"WebSite\",\"@id\":\"https:\\\/\\\/www.philipluetz.de\\\/#website\",\"url\":\"https:\\\/\\\/www.philipluetz.de\\\/\",\"name\":\"PHILIP L\u00dcTZ\",\"description\":\"Saxophonist, Recording- &amp; Mixing-Engineer\",\"potentialAction\":[{\"@type\":\"SearchAction\",\"target\":{\"@type\":\"EntryPoint\",\"urlTemplate\":\"https:\\\/\\\/www.philipluetz.de\\\/?s={search_term_string}\"},\"query-input\":{\"@type\":\"PropertyValueSpecification\",\"valueRequired\":true,\"valueName\":\"search_term_string\"}}],\"inLanguage\":\"de\"}]}<\/script>\n<!-- \/ Yoast SEO plugin. -->","yoast_head_json":{"title":"BIOGRAFIE - PHILIP L\u00dcTZ","robots":{"index":"index","follow":"follow","max-snippet":"max-snippet:-1","max-image-preview":"max-image-preview:large","max-video-preview":"max-video-preview:-1"},"canonical":"https:\/\/www.philipluetz.de\/index.php\/info\/","og_locale":"de_DE","og_type":"article","og_title":"BIOGRAFIE - PHILIP L\u00dcTZ","og_description":"Philip L\u00fctz Der Dortmunder Saxophonist und Produzent Philip L\u00fctz geh\u00f6rt zu den etablierten Gesichtern der Pop- und Jazzszene in NRW. Neben Ausbildung in diversen Musikschulen bei Lasse \u00d6qvist, Kerstin Fabry und Stephan Mattner pr\u00e4gten ihn Konzertreisen rund um den Globus bereits w\u00e4hrend seiner ersten Jazzausbildung an der Glen-Buschmann-Jazzakademie in Dortmund bei Uwe Plath und Wim &hellip; Continue reading \"BIOGRAFIE\"","og_url":"https:\/\/www.philipluetz.de\/index.php\/info\/","og_site_name":"PHILIP L\u00dcTZ","article_modified_time":"2023-05-04T08:10:31+00:00","og_image":[{"width":1732,"height":1048,"url":"https:\/\/www.philipluetz.de\/wp-content\/uploads\/2018\/08\/header.jpg","type":"image\/jpeg"}],"twitter_card":"summary_large_image","twitter_misc":{"Gesch\u00e4tzte Lesezeit":"2\u00a0Minuten"},"schema":{"@context":"https:\/\/schema.org","@graph":[{"@type":"WebPage","@id":"https:\/\/www.philipluetz.de\/index.php\/info\/","url":"https:\/\/www.philipluetz.de\/index.php\/info\/","name":"BIOGRAFIE - PHILIP L\u00dcTZ","isPartOf":{"@id":"https:\/\/www.philipluetz.de\/#website"},"primaryImageOfPage":{"@id":"https:\/\/www.philipluetz.de\/index.php\/info\/#primaryimage"},"image":{"@id":"https:\/\/www.philipluetz.de\/index.php\/info\/#primaryimage"},"thumbnailUrl":"https:\/\/www.philipluetz.de\/wp-content\/uploads\/2018\/08\/header.jpg","datePublished":"2018-07-26T19:09:43+00:00","dateModified":"2023-05-04T08:10:31+00:00","breadcrumb":{"@id":"https:\/\/www.philipluetz.de\/index.php\/info\/#breadcrumb"},"inLanguage":"de","potentialAction":[{"@type":"ReadAction","target":["https:\/\/www.philipluetz.de\/index.php\/info\/"]}]},{"@type":"ImageObject","inLanguage":"de","@id":"https:\/\/www.philipluetz.de\/index.php\/info\/#primaryimage","url":"https:\/\/www.philipluetz.de\/wp-content\/uploads\/2018\/08\/header.jpg","contentUrl":"https:\/\/www.philipluetz.de\/wp-content\/uploads\/2018\/08\/header.jpg","width":1732,"height":1048},{"@type":"BreadcrumbList","@id":"https:\/\/www.philipluetz.de\/index.php\/info\/#breadcrumb","itemListElement":[{"@type":"ListItem","position":1,"name":"Startseite","item":"https:\/\/www.philipluetz.de\/"},{"@type":"ListItem","position":2,"name":"BIOGRAFIE"}]},{"@type":"WebSite","@id":"https:\/\/www.philipluetz.de\/#website","url":"https:\/\/www.philipluetz.de\/","name":"PHILIP L\u00dcTZ","description":"Saxophonist, Recording- &amp; Mixing-Engineer","potentialAction":[{"@type":"SearchAction","target":{"@type":"EntryPoint","urlTemplate":"https:\/\/www.philipluetz.de\/?s={search_term_string}"},"query-input":{"@type":"PropertyValueSpecification","valueRequired":true,"valueName":"search_term_string"}}],"inLanguage":"de"}]}},"_links":{"self":[{"href":"https:\/\/www.philipluetz.de\/index.php\/wp-json\/wp\/v2\/pages\/24","targetHints":{"allow":["GET"]}}],"collection":[{"href":"https:\/\/www.philipluetz.de\/index.php\/wp-json\/wp\/v2\/pages"}],"about":[{"href":"https:\/\/www.philipluetz.de\/index.php\/wp-json\/wp\/v2\/types\/page"}],"author":[{"embeddable":true,"href":"https:\/\/www.philipluetz.de\/index.php\/wp-json\/wp\/v2\/users\/1"}],"replies":[{"embeddable":true,"href":"https:\/\/www.philipluetz.de\/index.php\/wp-json\/wp\/v2\/comments?post=24"}],"version-history":[{"count":19,"href":"https:\/\/www.philipluetz.de\/index.php\/wp-json\/wp\/v2\/pages\/24\/revisions"}],"predecessor-version":[{"id":520,"href":"https:\/\/www.philipluetz.de\/index.php\/wp-json\/wp\/v2\/pages\/24\/revisions\/520"}],"wp:featuredmedia":[{"embeddable":true,"href":"https:\/\/www.philipluetz.de\/index.php\/wp-json\/wp\/v2\/media\/339"}],"wp:attachment":[{"href":"https:\/\/www.philipluetz.de\/index.php\/wp-json\/wp\/v2\/media?parent=24"}],"curies":[{"name":"wp","href":"https:\/\/api.w.org\/{rel}","templated":true}]}}